{"id":176,"date":"2024-01-26T23:25:55","date_gmt":"2024-01-26T21:25:55","guid":{"rendered":"http:\/\/www.ejmoto.com\/?page_id=176"},"modified":"2024-04-30T02:18:59","modified_gmt":"2024-04-30T00:18:59","slug":"jatkojalostus","status":"publish","type":"page","link":"http:\/\/www.ejmoto.com\/?page_id=176","title":{"rendered":"Jatkojalostus"},"content":{"rendered":"\n<h4 class=\"wp-block-heading\">Rakenna omann\u00e4k\u00f6isesi ajokki<\/h4>\n\n\n\n<p>Modernit RE-mallit ovat hienoja sellaisenaankin, mutta niiden &#8216;jatkojalostus&#8217; on helppoa ja mielenkiintoista puuhaa vaikka talvikauden ratoksi. Monelle py\u00f6r\u00e4n tuunaus ja rakentelu on mielek\u00e4s osa harrastusta. <br>Monet mallit, kuten esim. Interceptor 650, on suunniteltu helppoa kustomointia silm\u00e4ll\u00e4pit\u00e4en, ja mm. Triumphin, BMW:n, Guzzin ja joidenkin japanilaisklassikkojen tavoin t\u00e4m\u00e4nkin mallin ymp\u00e4rille on ilmestynyt useita erilaisten mallikohtaisten lis\u00e4varusteiden, viritys- ja kustomointiosien tekij\u00f6it\u00e4. N\u00e4ihin moderneihin klassikkomalleihin on tarjolla my\u00f6s laaja valikoima tunnettujen valmistajien universaaliosia ohjaustangoista iskunvaimentimiin, vilkkuihin yms. Tarjolla on jopa kustomointiin erikoistuneita pajoja, jos asiakas haluaa teett\u00e4\u00e4 valitun tyylisen ajokin mittatilausty\u00f6n\u00e4 avaimet k\u00e4teen -periaatteella.<br><br>T\u00e4m\u00e4 sivu keskittyy modernien klassikkojen ja etenkin modernien Royal Enfield -mallien jatkojalostukseen. Muitakin projekteja on tulossa my\u00f6hemmin. Osa tehdyist\u00e4 muutoksista on varsin pieni\u00e4, ja idea onkin tarjota inspiraatiota kaikenlaisille jalostusprojekteille. My\u00f6s pienille, joissa py\u00f6r\u00e4\u00e4 ja sen ulkoasua muutetaan varsin maltillisesti. Joskus v\u00e4hempi on parempi.<\/p>\n\n\n\n<details class=\"wp-block-details is-layout-flow wp-block-details-is-layout-flow\"><summary>Mik\u00e4 on moderni klassikko?<\/summary>\n<p class=\"has-extra-small-font-size\">Moderni klassikko on onnistunut sekoitus perinteist\u00e4 tyyli\u00e4 ja modernia tekniikkaa. Eli ajokki, jonka ajaton olemus toimii vuodesta ja vuosikymmenest\u00e4 toiseen. Sen harkitun yksinkertainen mutta nykyaikainen tekniikka ja perinteinen tyylikkyys puhuttelee pient\u00e4 mutta kasvavaa joukkoa motoristeja.&nbsp;Moderni klassikko -genren sis\u00e4lt\u00e4 l\u00f6ytyy useita eri tyylisuuntia  mist\u00e4 valita.<br>T\u00e4\u00e4lt\u00e4 l\u00f6yd\u00e4t teeman liittyen lis\u00e4\u00e4 inspiraatiota ja mielenkiintoisia kaksipy\u00f6r\u00e4isi\u00e4 ajopelej\u00e4, lis\u00e4varusteita, tarinoita, vinkkej\u00e4 sun muuta.<\/p>\n<\/details>\n\n\n\n<hr class=\"wp-block-separator has-text-color has-primary-color has-alpha-channel-opacity has-primary-background-color has-background is-style-wide\"\/>\n\n\n\n<h3 class=\"wp-block-heading\">Project Interceptor<\/h3>\n\n\n\n<h4 class=\"wp-block-heading has-primary-color has-text-color has-link-color wp-elements-6e1b54bf05ea058de26c68cdf480f8e8\">L\u00e4ht\u00f6tilanne &#8211; sellaisena kuin se kaupasta tuli<\/h4>\n\n\n\n<figure class=\"wp-block-image size-large is-resized\"><img loading=\"lazy\" decoding=\"async\" width=\"1024\" height=\"683\" src=\"http:\/\/www.ejmoto.com\/wp-content\/uploads\/2024\/01\/Inteceptor-1024x683.jpg\" alt=\"\" class=\"wp-image-177\" style=\"width:740px\" srcset=\"http:\/\/www.ejmoto.com\/wp-content\/uploads\/2024\/01\/Inteceptor-1024x683.jpg 1024w, http:\/\/www.ejmoto.com\/wp-content\/uploads\/2024\/01\/Inteceptor-300x200.jpg 300w, http:\/\/www.ejmoto.com\/wp-content\/uploads\/2024\/01\/Inteceptor-768x512.jpg 768w, http:\/\/www.ejmoto.com\/wp-content\/uploads\/2024\/01\/Inteceptor-1536x1024.jpg 1536w, http:\/\/www.ejmoto.com\/wp-content\/uploads\/2024\/01\/Inteceptor-1100x733.jpg 1100w, http:\/\/www.ejmoto.com\/wp-content\/uploads\/2024\/01\/Inteceptor.jpg 1548w\" sizes=\"auto, (max-width: 1024px) 100vw, 1024px\" \/><\/figure>\n\n\n\n<p class=\"has-extra-small-font-size\">Royal Enfield Interceptor 650 vm. 2022 Ventura Blue syksyll\u00e4 2022, sellaisena kuin se paketista tuli.<br>N\u00e4tti ja kiva py\u00f6r\u00e4, varsin toimiva paketti sellaisenaankin, mutta jospa sit\u00e4 nyt kumminkin pikkaisen&#8230;<\/p>\n\n\n\n<p>Lue lis\u00e4\u00e4 Interceptor -projektin eri vaiheista sek\u00e4 siin\u00e4 k\u00e4ytetyist\u00e4 osista t\u00e4\u00e4lt\u00e4.<br><a href=\"http:\/\/www.ejmoto.com\/?p=225\" data-type=\"post\" data-id=\"225\">Osa 1<\/a>   |   <a href=\"http:\/\/www.ejmoto.com\/?p=254\" data-type=\"post\" data-id=\"254\">Osa 2<\/a>   |   <a href=\"http:\/\/www.ejmoto.com\/?p=350\" data-type=\"post\" data-id=\"350\">Osa 3<\/a>   |   <a href=\"http:\/\/www.ejmoto.com\/?p=368\" data-type=\"post\" data-id=\"368\">Osa 4<\/a>  <\/p>\n\n\n\n<h4 class=\"wp-block-heading has-primary-color has-text-color has-link-color wp-elements-51aeec32a094e300517ed8fae268f2ab\">Talviajan puuhailujen j\u00e4lkeen &#8211; hienovaraisia muutoksia<\/h4>\n\n\n\n<figure class=\"wp-block-image size-large is-resized\"><img loading=\"lazy\" decoding=\"async\" width=\"1024\" height=\"679\" src=\"http:\/\/www.ejmoto.com\/wp-content\/uploads\/2024\/01\/FP000111-1024x679.jpeg\" alt=\"\" class=\"wp-image-220\" style=\"width:740px;height:auto\" srcset=\"http:\/\/www.ejmoto.com\/wp-content\/uploads\/2024\/01\/FP000111-1024x679.jpeg 1024w, http:\/\/www.ejmoto.com\/wp-content\/uploads\/2024\/01\/FP000111-300x199.jpeg 300w, http:\/\/www.ejmoto.com\/wp-content\/uploads\/2024\/01\/FP000111-768x509.jpeg 768w, http:\/\/www.ejmoto.com\/wp-content\/uploads\/2024\/01\/FP000111-1536x1018.jpeg 1536w, http:\/\/www.ejmoto.com\/wp-content\/uploads\/2024\/01\/FP000111-2048x1357.jpeg 2048w, http:\/\/www.ejmoto.com\/wp-content\/uploads\/2024\/01\/FP000111-1100x729.jpeg 1100w\" sizes=\"auto, (max-width: 1024px) 100vw, 1024px\" \/><\/figure>\n\n\n\n<p class=\"has-extra-small-font-size\">Sama py\u00f6r\u00e4 alkukes\u00e4ll\u00e4 2023 hiukan muutettuna. V\u00e4hemm\u00e4n kromia, uutta penkki\u00e4, renkaita, v\u00e4h\u00e4n pient\u00e4 blingi\u00e4, parannettua hengityst\u00e4, painonpudotusta ja sensemmoista. Mutta n\u00e4ytt\u00e4\u00e4 silti viel\u00e4 l\u00e4hes alkuper\u00e4iselt\u00e4.<br><br>Ulkon\u00e4\u00f6n melko maltillisten muutosten lis\u00e4ksi py\u00f6r\u00e4n kokonaispaino tippui useita kiloja, moottori on pirte\u00e4mpi ja alusta napakampi, eli ajettavuus on parantunut my\u00f6s. Kaikki t\u00e4h\u00e4nastiset muutokset ovat sellaisia, ett\u00e4 py\u00f6r\u00e4 on viel\u00e4 suht helposti palautettavissa alkuper\u00e4iseen asuunsa. <br>J\u00e4\u00e4k\u00f6 py\u00f6r\u00e4 juuri t\u00e4llaiseksi jatkossa, se j\u00e4\u00e4 n\u00e4ht\u00e4v\u00e4ksi. Toistaiseksi ainakin, mahdolllisia pienempi\u00e4 tviikkauksia lukuunottamatta.<\/p>\n\n\n\n<hr class=\"wp-block-separator has-text-color has-primary-color has-alpha-channel-opacity has-primary-background-color has-background is-style-wide\"\/>\n\n\n\n<h3 class=\"wp-block-heading\">Project Classic 350<\/h3>\n\n\n\n<h5 class=\"wp-block-heading has-primary-color has-text-color has-link-color wp-elements-c821599d77678890ca557d3347499156\">Vain pient\u00e4 hienos\u00e4\u00e4t\u00f6\u00e4 vailla, melkein &#8220;valmis&#8221; sellaisenaan<\/h5>\n\n\n\n<figure class=\"wp-block-image size-large is-resized\"><img loading=\"lazy\" decoding=\"async\" width=\"1024\" height=\"768\" src=\"http:\/\/www.ejmoto.com\/wp-content\/uploads\/2024\/01\/IMG_0332-1024x768.jpeg\" alt=\"\" class=\"wp-image-19\" style=\"width:740px;height:auto\" srcset=\"http:\/\/www.ejmoto.com\/wp-content\/uploads\/2024\/01\/IMG_0332-1024x768.jpeg 1024w, http:\/\/www.ejmoto.com\/wp-content\/uploads\/2024\/01\/IMG_0332-300x225.jpeg 300w, http:\/\/www.ejmoto.com\/wp-content\/uploads\/2024\/01\/IMG_0332-768x576.jpeg 768w, http:\/\/www.ejmoto.com\/wp-content\/uploads\/2024\/01\/IMG_0332-1536x1152.jpeg 1536w, http:\/\/www.ejmoto.com\/wp-content\/uploads\/2024\/01\/IMG_0332-2048x1536.jpeg 2048w, http:\/\/www.ejmoto.com\/wp-content\/uploads\/2024\/01\/IMG_0332-1100x825.jpeg 1100w\" sizes=\"auto, (max-width: 1024px) 100vw, 1024px\" \/><\/figure>\n\n\n\n<p class=\"has-extra-small-font-size\">Royal Enfield Classic 350 vm. 2023 Halcyon Green ajoreissulle l\u00e4ht\u00f6\u00e4 odottamassa, lis\u00e4\u00e4 sis\u00e4\u00e4najokilometrej\u00e4 ker\u00e4\u00e4m\u00e4\u00e4n.<\/p>\n\n\n\n<p>Classic-projekti, <a href=\"http:\/\/www.ejmoto.com\/?p=539\" data-type=\"post\" data-id=\"539\">osa 1<\/a> | <a href=\"http:\/\/www.ejmoto.com\/?p=669\" data-type=\"post\" data-id=\"669\">osa 2<\/a><\/p>\n\n\n\n<ul class=\"wp-block-social-links has-small-icon-size is-style-pill-shape is-content-justification-center is-layout-flex wp-container-core-social-links-is-layout-16018d1d wp-block-social-links-is-layout-flex\">\n\n\n\n<\/ul>\n","protected":false},"excerpt":{"rendered":"<p>Rakenna omann\u00e4k\u00f6isesi ajokki.<\/p>\n","protected":false},"author":1,"featured_media":99,"parent":0,"menu_order":0,"comment_status":"closed","ping_status":"closed","template":"","meta":{"footnotes":""},"class_list":["post-176","page","type-page","status-publish","has-post-thumbnail","hentry","odd"],"_links":{"self":[{"href":"http:\/\/www.ejmoto.com\/index.php?rest_route=\/wp\/v2\/pages\/176","targetHints":{"allow":["GET"]}}],"collection":[{"href":"http:\/\/www.ejmoto.com\/index.php?rest_route=\/wp\/v2\/pages"}],"about":[{"href":"http:\/\/www.ejmoto.com\/index.php?rest_route=\/wp\/v2\/types\/page"}],"author":[{"embeddable":true,"href":"http:\/\/www.ejmoto.com\/index.php?rest_route=\/wp\/v2\/users\/1"}],"replies":[{"embeddable":true,"href":"http:\/\/www.ejmoto.com\/index.php?rest_route=%2Fwp%2Fv2%2Fcomments&post=176"}],"version-history":[{"count":24,"href":"http:\/\/www.ejmoto.com\/index.php?rest_route=\/wp\/v2\/pages\/176\/revisions"}],"predecessor-version":[{"id":677,"href":"http:\/\/www.ejmoto.com\/index.php?rest_route=\/wp\/v2\/pages\/176\/revisions\/677"}],"wp:featuredmedia":[{"embeddable":true,"href":"http:\/\/www.ejmoto.com\/index.php?rest_route=\/wp\/v2\/media\/99"}],"wp:attachment":[{"href":"http:\/\/www.ejmoto.com\/index.php?rest_route=%2Fwp%2Fv2%2Fmedia&parent=176"}],"curies":[{"name":"wp","href":"https:\/\/api.w.org\/{rel}","templated":true}]}}