{"id":338,"date":"2024-03-04T22:07:00","date_gmt":"2024-03-04T20:07:00","guid":{"rendered":"http:\/\/www.ejmoto.com\/?page_id=338"},"modified":"2026-02-08T21:47:00","modified_gmt":"2026-02-08T19:47:00","slug":"yhteydenottolomake","status":"publish","type":"page","link":"http:\/\/www.ejmoto.com\/?page_id=338","title":{"rendered":"Yhteydenottolomake"},"content":{"rendered":"<style id=\"wpforms-css-vars-335-block-b8fa58f3-9101-42d2-8f62-d9763e9fe321\">\n\t\t\t\t#wpforms-335.wpforms-block-b8fa58f3-9101-42d2-8f62-d9763e9fe321 {\n\t\t\t\t--wpforms-field-size-input-height: 43px;\n--wpforms-field-size-input-spacing: 15px;\n--wpforms-field-size-font-size: 16px;\n--wpforms-field-size-line-height: 19px;\n--wpforms-field-size-padding-h: 14px;\n--wpforms-field-size-checkbox-size: 16px;\n--wpforms-field-size-sublabel-spacing: 5px;\n--wpforms-field-size-icon-size: 1;\n--wpforms-label-size-font-size: 16px;\n--wpforms-label-size-line-height: 19px;\n--wpforms-label-size-sublabel-font-size: 14px;\n--wpforms-label-size-sublabel-line-height: 17px;\n--wpforms-button-size-font-size: 17px;\n--wpforms-button-size-height: 41px;\n--wpforms-button-size-padding-h: 15px;\n--wpforms-button-size-margin-top: 10px;\n\t\t\t}\n\t\t\t<\/style><div class=\"wpforms-container wpforms-container-full wpforms-block wpforms-block-b8fa58f3-9101-42d2-8f62-d9763e9fe321 wpforms-render-modern\" id=\"wpforms-335\"><form id=\"wpforms-form-335\" class=\"wpforms-validate wpforms-form wpforms-ajax-form\" data-formid=\"335\" method=\"post\" enctype=\"multipart\/form-data\" action=\"\/index.php?rest_route=%2Fwp%2Fv2%2Fpages%2F338\" data-token=\"1a64cd8f6c6de26b7095684898da99b1\" data-token-time=\"1776600377\"><noscript class=\"wpforms-error-noscript\">Please enable JavaScript in your browser to complete this form.<\/noscript><div id=\"wpforms-error-noscript\" style=\"display: none;\">Please enable JavaScript in your browser to complete this form.<\/div><div class=\"wpforms-field-container\"><div id=\"wpforms-335-field_3-container\" class=\"wpforms-field wpforms-field-name\" data-field-id=\"3\"><fieldset><legend class=\"wpforms-field-label\">Nimi <span class=\"wpforms-required-label\" aria-hidden=\"true\">*<\/span><\/legend><div class=\"wpforms-field-row wpforms-field-medium\"><div class=\"wpforms-field-row-block wpforms-first wpforms-one-half\"><input type=\"text\" id=\"wpforms-335-field_3\" class=\"wpforms-field-name-first wpforms-field-required\" name=\"wpforms[fields][3][first]\" aria-errormessage=\"wpforms-335-field_3-error\" required><label for=\"wpforms-335-field_3\" class=\"wpforms-field-sublabel after\">First<\/label><\/div><div class=\"wpforms-field-row-block wpforms-one-half\"><input type=\"text\" id=\"wpforms-335-field_3-last\" class=\"wpforms-field-name-last wpforms-field-required\" name=\"wpforms[fields][3][last]\" aria-errormessage=\"wpforms-335-field_3-last-error\" required><label for=\"wpforms-335-field_3-last\" class=\"wpforms-field-sublabel after\">Last<\/label><\/div><\/div><\/fieldset><\/div><div id=\"wpforms-335-field_4-container\" class=\"wpforms-field wpforms-field-email\" data-field-id=\"4\"><label class=\"wpforms-field-label\" for=\"wpforms-335-field_4\">S\u00e4hk\u00f6posti <span class=\"wpforms-required-label\" aria-hidden=\"true\">*<\/span><\/label><input type=\"email\" id=\"wpforms-335-field_4\" class=\"wpforms-field-medium wpforms-field-required\" name=\"wpforms[fields][4]\" spellcheck=\"false\" aria-errormessage=\"wpforms-335-field_4-error\" required><\/div><div id=\"wpforms-335-field_7-container\" class=\"wpforms-field wpforms-field-select wpforms-field-select-style-classic\" data-field-id=\"7\"><label class=\"wpforms-field-label\" for=\"wpforms-335-field_7\">Haluaisin&#8230;<\/label><select id=\"wpforms-335-field_7\" class=\"wpforms-field-medium\" name=\"wpforms[fields][7]\"><option value=\"varata tutustumis\/esittelyajan\"  class=\"choice-1 depth-1\"  >varata tutustumis\/esittelyajan<\/option><option value=\"ostaa\/varata uuuden py\u00f6r\u00e4n\"  class=\"choice-2 depth-1\"  >ostaa\/varata uuuden py\u00f6r\u00e4n<\/option><option value=\"ostaa lis\u00e4varusteita (erittely viestikentt\u00e4\u00e4n)\"  class=\"choice-6 depth-1\"  >ostaa lis\u00e4varusteita (erittely viestikentt\u00e4\u00e4n)<\/option><option value=\"varata koeajon\"  class=\"choice-3 depth-1\"  >varata koeajon<\/option><option value=\"ett\u00e4 minuun otetaan yhteytt\u00e4 (liit\u00e4 puhelinnumerosi allaolevaan kentt\u00e4\u00e4n)\"  class=\"choice-4 depth-1\"  >ett\u00e4 minuun otetaan yhteytt\u00e4 (liit\u00e4 puhelinnumerosi allaolevaan kentt\u00e4\u00e4n)<\/option><\/select><\/div><div id=\"wpforms-335-field_2-container\" class=\"wpforms-field wpforms-field-text\" data-field-id=\"2\"><label class=\"wpforms-field-label\" for=\"wpforms-335-field_2\">Puhelinnumerosi:<\/label><input type=\"text\" id=\"wpforms-335-field_2\" class=\"wpforms-field-medium\" name=\"wpforms[fields][2]\" aria-errormessage=\"wpforms-335-field_2-error\" ><\/div><div id=\"wpforms-335-field_6-container\" class=\"wpforms-field wpforms-field-radio\" data-field-id=\"6\"><fieldset><legend class=\"wpforms-field-label\">Minua kiinnostaa <span class=\"wpforms-required-label\" aria-hidden=\"true\">*<\/span><\/legend><ul id=\"wpforms-335-field_6\" class=\"wpforms-field-required\"><li class=\"choice-1 depth-1\"><input type=\"radio\" id=\"wpforms-335-field_6_1\" name=\"wpforms[fields][6]\" value=\"uuden mp:n osto\" aria-errormessage=\"wpforms-335-field_6_1-error\" required ><label class=\"wpforms-field-label-inline\" for=\"wpforms-335-field_6_1\">uuden mp:n osto<\/label><\/li><li class=\"choice-2 depth-1\"><input type=\"radio\" id=\"wpforms-335-field_6_2\" name=\"wpforms[fields][6]\" value=\"mp:n vuokraus\" aria-errormessage=\"wpforms-335-field_6_2-error\" required ><label class=\"wpforms-field-label-inline\" for=\"wpforms-335-field_6_2\">mp:n vuokraus<\/label><\/li><li class=\"choice-3 depth-1\"><input type=\"radio\" id=\"wpforms-335-field_6_3\" name=\"wpforms[fields][6]\" value=\"varusteet, tarvikkeet jne.\" aria-errormessage=\"wpforms-335-field_6_3-error\" required ><label class=\"wpforms-field-label-inline\" for=\"wpforms-335-field_6_3\">varusteet, tarvikkeet jne.<\/label><\/li><li class=\"choice-4 depth-1\"><input type=\"radio\" id=\"wpforms-335-field_6_4\" name=\"wpforms[fields][6]\" value=\"joku muu (kirjoita tarkennus allaolevaan kentt\u00e4\u00e4n)\" aria-errormessage=\"wpforms-335-field_6_4-error\" required ><label class=\"wpforms-field-label-inline\" for=\"wpforms-335-field_6_4\">joku muu (kirjoita tarkennus allaolevaan kentt\u00e4\u00e4n)<\/label><\/li><\/ul><\/fieldset><\/div><div id=\"wpforms-335-field_8-container\" class=\"wpforms-field wpforms-field-textarea\" data-field-id=\"8\"><label class=\"wpforms-field-label\" for=\"wpforms-335-field_8\">Lis\u00e4tiedot<\/label><textarea id=\"wpforms-335-field_8\" class=\"wpforms-field-medium\" name=\"wpforms[fields][8]\" aria-errormessage=\"wpforms-335-field_8-error\" ><\/textarea><\/div><\/div><!-- .wpforms-field-container --><div class=\"wpforms-submit-container\" ><input type=\"hidden\" name=\"wpforms[id]\" value=\"335\"><input type=\"hidden\" name=\"page_title\" value=\"\"><input type=\"hidden\" name=\"page_url\" value=\"http:\/\/www.ejmoto.com\/index.php?rest_route=\/wp\/v2\/pages\/338\"><input type=\"hidden\" name=\"url_referer\" value=\"\"><button type=\"submit\" name=\"wpforms[submit]\" id=\"wpforms-submit-335\" class=\"wpforms-submit\" data-alt-text=\"Sending...\" data-submit-text=\"L\u00e4het\u00e4\" aria-live=\"assertive\" value=\"wpforms-submit\">L\u00e4het\u00e4<\/button><img loading=\"lazy\" decoding=\"async\" src=\"http:\/\/www.ejmoto.com\/wp-content\/plugins\/wpforms-lite\/assets\/images\/submit-spin.svg\" class=\"wpforms-submit-spinner\" style=\"display: none;\" width=\"26\" height=\"26\" alt=\"Loading\"><\/div><\/form><\/div>  <!-- .wpforms-container -->\n\n\n<p><a href=\"http:\/\/www.ejmoto.com\/\" data-type=\"page\" data-id=\"9\">Takaisin etusivulle<\/a><\/p>\n","protected":false},"excerpt":{"rendered":"<p>Takaisin etusivulle<\/p>\n","protected":false},"author":1,"featured_media":393,"parent":0,"menu_order":0,"comment_status":"closed","ping_status":"closed","template":"","meta":{"footnotes":""},"class_list":["post-338","page","type-page","status-publish","has-post-thumbnail","hentry","odd"],"_links":{"self":[{"href":"http:\/\/www.ejmoto.com\/index.php?rest_route=\/wp\/v2\/pages\/338","targetHints":{"allow":["GET"]}}],"collection":[{"href":"http:\/\/www.ejmoto.com\/index.php?rest_route=\/wp\/v2\/pages"}],"about":[{"href":"http:\/\/www.ejmoto.com\/index.php?rest_route=\/wp\/v2\/types\/page"}],"author":[{"embeddable":true,"href":"http:\/\/www.ejmoto.com\/index.php?rest_route=\/wp\/v2\/users\/1"}],"replies":[{"embeddable":true,"href":"http:\/\/www.ejmoto.com\/index.php?rest_route=%2Fwp%2Fv2%2Fcomments&post=338"}],"version-history":[{"count":3,"href":"http:\/\/www.ejmoto.com\/index.php?rest_route=\/wp\/v2\/pages\/338\/revisions"}],"predecessor-version":[{"id":2314,"href":"http:\/\/www.ejmoto.com\/index.php?rest_route=\/wp\/v2\/pages\/338\/revisions\/2314"}],"wp:featuredmedia":[{"embeddable":true,"href":"http:\/\/www.ejmoto.com\/index.php?rest_route=\/wp\/v2\/media\/393"}],"wp:attachment":[{"href":"http:\/\/www.ejmoto.com\/index.php?rest_route=%2Fwp%2Fv2%2Fmedia&parent=338"}],"curies":[{"name":"wp","href":"https:\/\/api.w.org\/{rel}","templated":true}]}}