{"id":424,"date":"2024-03-16T00:50:12","date_gmt":"2024-03-15T22:50:12","guid":{"rendered":"http:\/\/www.ejmoto.com\/?page_id=424"},"modified":"2024-03-17T21:39:17","modified_gmt":"2024-03-17T19:39:17","slug":"royal-enfield-himalayan-450","status":"publish","type":"page","link":"http:\/\/www.ejmoto.com\/?page_id=424","title":{"rendered":"Royal Enfield Himalayan 450"},"content":{"rendered":"\n<h5 class=\"wp-block-heading\">Rakennettu kaikille teille. Rakennettu tiett\u00f6mille taipaleille.<\/h5>\n\n\n\n<p>Kykenev\u00e4 mutta ei pelottava &#8211; se on Himalajan eetos jo alusta alkaen. T\u00e4ysin uudistunut Himalayan 450 tuo parannuksia suorituskykyyn ja ajo-ominaisuuksiin, mutta se on edelleen helppo ja miellytt\u00e4v\u00e4 ajaa. Hyv\u00e4 tasapaino alhaisella nopeudella yhdistettyn\u00e4 uuteen kevyesti toimivaan kytkimeen ja ride-by-wire-j\u00e4rjestelm\u00e4n tasaiseen kaasuvasteeseen tekev\u00e4t ajosta helppoa sek\u00e4 ahtailla poluilla ett\u00e4 tukkoisessa liikenteess\u00e4. Kuljettajan istuimen korkeus on s\u00e4\u00e4dett\u00e4viss\u00e4, ja selke\u00e4, helppok\u00e4ytt\u00f6inen Tripper Dash helpottaa navigointia py\u00f6r\u00e4n omalla n\u00e4yt\u00f6ll\u00e4.<\/p>\n\n\n\n<p>Uusi alusta on mitoitettu toimimaan paremmin my\u00f6s kaarreajossa uuden tehokkaamman moottorin kanssa. Kasvanut maavara, parannettu jousitus ja moottorin laaja v\u00e4\u00e4nt\u00f6alue helpottavat offroad-ajossa. Uusi Sherpa 450 -moottori parantaa ajettavuutta maantieajossa sek\u00e4 s\u00e4ilytt\u00e4\u00e4 paremmin suorituskyvyn my\u00f6s korkeammassa ilma-alassa. Uudessa Himalayanissa on enemm\u00e4n maavaraa ja selke\u00e4, yksinkertainen navigointij\u00e4rjestelm\u00e4 yhdistettyn\u00e4 py\u00f6r\u00e4n n\u00e4ytt\u00f6ruutuun, jolloin erillist\u00e4 GPS-navigaattoria ohjaustangossa ei tarvita.<\/p>\n\n\n\n<h5 class=\"wp-block-heading\">Uusi nestej\u00e4\u00e4hdytteinen Sherpa 450 moottori<\/h5>\n\n\n\n<figure class=\"wp-block-image size-large\"><img loading=\"lazy\" decoding=\"async\" width=\"1024\" height=\"448\" src=\"http:\/\/www.ejmoto.com\/wp-content\/uploads\/2024\/03\/Sherpa450cc-1024x448.jpg\" alt=\"\" class=\"wp-image-426\" srcset=\"http:\/\/www.ejmoto.com\/wp-content\/uploads\/2024\/03\/Sherpa450cc-1024x448.jpg 1024w, http:\/\/www.ejmoto.com\/wp-content\/uploads\/2024\/03\/Sherpa450cc-300x131.jpg 300w, http:\/\/www.ejmoto.com\/wp-content\/uploads\/2024\/03\/Sherpa450cc-768x336.jpg 768w, http:\/\/www.ejmoto.com\/wp-content\/uploads\/2024\/03\/Sherpa450cc-1536x672.jpg 1536w, http:\/\/www.ejmoto.com\/wp-content\/uploads\/2024\/03\/Sherpa450cc-1100x481.jpg 1100w, http:\/\/www.ejmoto.com\/wp-content\/uploads\/2024\/03\/Sherpa450cc.jpg 1600w\" sizes=\"auto, (max-width: 1024px) 100vw, 1024px\" \/><\/figure>\n\n\n\n<p>Uudessa Himalayanissa on enemm\u00e4n tehoa ja v\u00e4\u00e4nt\u00f6\u00e4 vanhaan 411-malliin verrattuna, mutta se s\u00e4ilytt\u00e4\u00e4 silti perinteisen Royal Enfield Himalayan -luonteen. Uusi 452cc Sherpa-moottori tuottaa 90 % v\u00e4\u00e4nt\u00f6momentistaan jo 3 000 rpm:sta eteenp\u00e4in. Sen maksimiteho on 40,02 hv\/8000 rpm ja 40 Nm\/5500 rpm. Parantuneesta mutta viel\u00e4 maltillisesta tehon parannuksesta on hy\u00f6ty\u00e4 silloin kun vaikka ajaa m\u00e4kisess\u00e4 ja niljakkaassa maastossa, jolloin Himalaja l\u00f6yt\u00e4\u00e4 pitoa siell\u00e4, miss\u00e4 monet muut jo sutivat. Parantunut suorituskyky mahdollistaa my\u00f6s mukavamman ajon matkustajan ja matkatavaroiden kanssa.<\/p>\n\n\n\n<p>Uudessa moottorissa on kuivasumppurakenne, joka maksimoi maavaran ja mahdollistaa kompaktit ulkomitat. T\u00e4m\u00e4 Royal Enfieldin ensimm\u00e4inen nestej\u00e4\u00e4hdytteinen moottorimalli k\u00e4ytt\u00e4\u00e4 integroitua vesipumppua ja twin pass -j\u00e4\u00e4hdytysj\u00e4rjestelm\u00e4\u00e4, mist\u00e4 on hy\u00f6ty\u00e4 ajettaessa teknisess\u00e4 maastossa ja korkeassa ilmanalassa, mihin t\u00e4m\u00e4 moottoripy\u00f6r\u00e4 on suunniteltu. Uusi kuusivaihteinen vaihteisto tuo lis\u00e4\u00e4 joustavuutta maantieajoon. Samoin kevyt, vaijeriohjattu luistokytkin.<\/p>\n\n\n\n<h5 class=\"wp-block-heading\">Keskikoon seikkailupy\u00f6r\u00e4<\/h5>\n\n\n\n<figure class=\"wp-block-image size-large\"><img loading=\"lazy\" decoding=\"async\" width=\"1024\" height=\"448\" src=\"http:\/\/www.ejmoto.com\/wp-content\/uploads\/2024\/03\/Himalayan450splash-1024x448.jpg\" alt=\"\" class=\"wp-image-427\" srcset=\"http:\/\/www.ejmoto.com\/wp-content\/uploads\/2024\/03\/Himalayan450splash-1024x448.jpg 1024w, http:\/\/www.ejmoto.com\/wp-content\/uploads\/2024\/03\/Himalayan450splash-300x131.jpg 300w, http:\/\/www.ejmoto.com\/wp-content\/uploads\/2024\/03\/Himalayan450splash-768x336.jpg 768w, http:\/\/www.ejmoto.com\/wp-content\/uploads\/2024\/03\/Himalayan450splash-1536x672.jpg 1536w, http:\/\/www.ejmoto.com\/wp-content\/uploads\/2024\/03\/Himalayan450splash-1100x481.jpg 1100w, http:\/\/www.ejmoto.com\/wp-content\/uploads\/2024\/03\/Himalayan450splash.jpg 1600w\" sizes=\"auto, (max-width: 1024px) 100vw, 1024px\" \/><\/figure>\n\n\n\n<p>Uudessa Himalayanissa on korkeampi maavara ja pitempi joustovara, joiden avulla voit ajaa helpommin maastossa ilman pelkoa pohjakosketuksista. T\u00e4ysin uusi ter\u00e4ksinen tuplaputkirunko on suunniteltu toimimaan my\u00f6s maastoajossa tekem\u00e4tt\u00e4 Himalajasta liian korkeaa. Uusi runko on j\u00e4ykempi ja vahvempi, mik\u00e4 parantaa kaarreajoa ja vakautta. Keulassa on uusi Showan USD-haarukka, joka on suunniteltu toimimaan monenlaisissa olosuhteissa sileilt\u00e4 asfalttiteilt\u00e4 kivisille mets\u00e4poluille.<\/p>\n\n\n\n<p>Uusi parannettu alusta helpottaa kuskin ajoa l\u00f6ys\u00e4ss\u00e4, arvaamattomassa maastossa ja keskittymist\u00e4 ajoreitin valintaan jokaisen nypyn ja uran v\u00e4istelyn sijaan. Himalayan s\u00e4ilytt\u00e4\u00e4 hyv\u00e4ksi havaitun 21 tuuman etu-\/17 tuuman takapy\u00f6r\u00e4n yhdistelm\u00e4n uusilla alumiiniseosvanteilla ja mittatilausty\u00f6n\u00e4 tehdyill\u00e4 renkailla. Ne takaavat erinomaisen pidon, luottamusta her\u00e4tt\u00e4v\u00e4n ajettavuuden ja vakauden sek\u00e4 tiell\u00e4 ett\u00e4 maastossa. Leve\u00e4mpi 140\/80-takarengas tuo lis\u00e4\u00e4 pitoa ja enemm\u00e4n luottamusta asfaltilla tai off-road-olosuhteissa.<\/p>\n\n\n\n<h5 class=\"wp-block-heading\">Seikkailupy\u00f6r\u00e4n ergonomia<\/h5>\n\n\n\n<p>Uuden alustan ja kompaktin kokoisen moottorin my\u00f6t\u00e4 my\u00f6s ajoergonomia on parantunut varsinkin seisaaltaan ajettaessa. Uusi malli on kapeampi jalkatappien kohdalta, mik\u00e4 mahdollistaa paremman hallinnan seisten ja helpottaa jalkojen saamista tukevasti maahan my\u00f6s lyhyemmille kuskeille. Uuden 17 litran polttoaines\u00e4ili\u00f6n takaosaa on kavennettu, jotta polvisyvennys olisi mukavampi ajon aikana. Kaksiosaisen satulan ansiosta kuljettajan satulaa voidaan s\u00e4\u00e4t\u00e4\u00e4 20 mm yl\u00f6sp\u00e4in. Lis\u00e4varusteena on saatavilla my\u00f6s vakiosatulaa matalampi versio.<\/p>\n\n\n\n<p>Vakio- ja lis\u00e4varusteena saatavan matalan satulan ansiosta kuskin satulan korkeus on s\u00e4\u00e4dett\u00e4viss\u00e4 805 mm:st\u00e4 aina 845 mm:iin asti. T\u00e4m\u00e4n ja kapeamman rungon ja tankin ansiosta eri mittaiset kuskit l\u00f6yt\u00e4v\u00e4t mukavan ajoasennon ja saavat helpommin jalat tukevasti maahan. Sek\u00e4 kuskin ett\u00e4 matkustajan istuimet ja jalkatappien sijainti on suunniteltu tarjoamaan maksimaalista mukavuutta pitkill\u00e4kin stintteill\u00e4, sek\u00e4 tiell\u00e4 ett\u00e4 sen ulkopuolella.<\/p>\n\n\n\n<h5 class=\"wp-block-heading\">Tripper Dash &#8211; seikkailupy\u00f6r\u00e4ilij\u00e4n apuri<\/h5>\n\n\n<div class=\"wp-block-image\">\n<figure class=\"alignright size-full is-resized\"><img loading=\"lazy\" decoding=\"async\" width=\"609\" height=\"609\" src=\"http:\/\/www.ejmoto.com\/wp-content\/uploads\/2024\/03\/Himalayan_dash.jpg\" alt=\"\" class=\"wp-image-428\" style=\"width:364px;height:auto\" srcset=\"http:\/\/www.ejmoto.com\/wp-content\/uploads\/2024\/03\/Himalayan_dash.jpg 609w, http:\/\/www.ejmoto.com\/wp-content\/uploads\/2024\/03\/Himalayan_dash-300x300.jpg 300w, http:\/\/www.ejmoto.com\/wp-content\/uploads\/2024\/03\/Himalayan_dash-150x150.jpg 150w, http:\/\/www.ejmoto.com\/wp-content\/uploads\/2024\/03\/Himalayan_dash-70x70.jpg 70w\" sizes=\"auto, (max-width: 609px) 100vw, 609px\" \/><\/figure>\n<\/div>\n\n\n<p>Alkuper\u00e4isest\u00e4 Himalayanista tuttu periaate &#8220;Kaikki mit\u00e4 tarvitset, mutta ei mit\u00e4\u00e4n, mit\u00e4 et tarvitse&#8221; on tallella my\u00f6s uudessa Himalajanissa. Yksi t\u00e4llainen yksityiskohta on uusi Tripper Dash. Klassisen py\u00f6re\u00e4ss\u00e4 LCD-n\u00e4yt\u00f6ss\u00e4 on useita eri n\u00e4ytt\u00f6moodeja, ja sen ulkoasun voi vaihtaa perinteisest\u00e4 analogisesta tyylist\u00e4 modernimpaan digitaaliseen tyyliin.<\/p>\n\n\n\n<p>Uusi Tripper Dash tarjoaa maailman ensimm\u00e4isen t\u00e4yden karttanavigoinnin Himalayan 450:n omalla py\u00f6re\u00e4ll\u00e4 n\u00e4yt\u00f6ll\u00e4. Se pohjautuu Google Mapsiin ja siin\u00e4 on \u00e4\u00e4niopastus yli 130 kielell\u00e4. Vasemmanpuoleisen joystick-ohjaimen avulla voi vaihtaa ajomoodeja, soittaa musiikkia, ohjata puheluita ja vastaanottaa viestej\u00e4 mobiililaitteeseen yhdistettyn\u00e4. <br>Himalayan 450:ssa on kaksi ajotilaa. Kuljettaja voi valita Performance- ja Eco-ajotilojen v\u00e4lill\u00e4, mik\u00e4 muuttaa moottorin kaasuvastetta. Taka-ABS voidaan my\u00f6s ottaa pois k\u00e4yt\u00f6st\u00e4 off-road-ajossa.<\/p>\n\n\n\n<p>Sovi n\u00e4ytt\u00f6aika ja <a href=\"http:\/\/www.ejmoto.com\/?page_id=338\" data-type=\"page\" data-id=\"338\">tule tutustumaan<\/a> uuteen Himalayaniin!<\/p>\n","protected":false},"excerpt":{"rendered":"<p>Rakennettu kaikille teille. Rakennettu tiett\u00f6mille taipaleille. Kykenev\u00e4 mutta ei pelottava &#8211; se on Himalajan eetos jo alusta alkaen. T\u00e4ysin uudistunut Himalayan 450 tuo parannuksia suorituskykyyn ja ajo-ominaisuuksiin, mutta se on edelleen helppo ja miellytt\u00e4v\u00e4 ajaa.&hellip;<\/p>\n","protected":false},"author":1,"featured_media":425,"parent":0,"menu_order":0,"comment_status":"closed","ping_status":"closed","template":"","meta":{"footnotes":""},"class_list":["post-424","page","type-page","status-publish","has-post-thumbnail","hentry","odd"],"_links":{"self":[{"href":"http:\/\/www.ejmoto.com\/index.php?rest_route=\/wp\/v2\/pages\/424","targetHints":{"allow":["GET"]}}],"collection":[{"href":"http:\/\/www.ejmoto.com\/index.php?rest_route=\/wp\/v2\/pages"}],"about":[{"href":"http:\/\/www.ejmoto.com\/index.php?rest_route=\/wp\/v2\/types\/page"}],"author":[{"embeddable":true,"href":"http:\/\/www.ejmoto.com\/index.php?rest_route=\/wp\/v2\/users\/1"}],"replies":[{"embeddable":true,"href":"http:\/\/www.ejmoto.com\/index.php?rest_route=%2Fwp%2Fv2%2Fcomments&post=424"}],"version-history":[{"count":4,"href":"http:\/\/www.ejmoto.com\/index.php?rest_route=\/wp\/v2\/pages\/424\/revisions"}],"predecessor-version":[{"id":1107,"href":"http:\/\/www.ejmoto.com\/index.php?rest_route=\/wp\/v2\/pages\/424\/revisions\/1107"}],"wp:featuredmedia":[{"embeddable":true,"href":"http:\/\/www.ejmoto.com\/index.php?rest_route=\/wp\/v2\/media\/425"}],"wp:attachment":[{"href":"http:\/\/www.ejmoto.com\/index.php?rest_route=%2Fwp%2Fv2%2Fmedia&parent=424"}],"curies":[{"name":"wp","href":"https:\/\/api.w.org\/{rel}","templated":true}]}}