{"id":680,"date":"2024-04-30T22:23:34","date_gmt":"2024-04-30T20:23:34","guid":{"rendered":"http:\/\/www.ejmoto.com\/?page_id=680"},"modified":"2024-12-28T19:13:11","modified_gmt":"2024-12-28T17:13:11","slug":"royal-enfield-classic-350","status":"publish","type":"page","link":"http:\/\/www.ejmoto.com\/?page_id=680","title":{"rendered":"Royal Enfield Classic 350"},"content":{"rendered":"\n<p><strong>Ajaton klassikko<\/strong><\/p>\n\n\n\n<p>T\u00e4ysin uusi Classic 350 tuo annoksen menneisyyden perinteit\u00e4 ja py\u00f6r\u00e4nrakennustaitoa uudelle J-alustalle. Sodan j\u00e4lkeen rakennetun G2-mallin inspiroima 2020-luvun Classic 350 juhlistaa ajatonta estetiikkaa, kuten pitki\u00e4, leveit\u00e4 ja kaarevia lokasuojia, pisaramallista tankkia, tunnusomaista lipallista ajovaloa, moottorin kylkien linjoja, n\u00e4ytt\u00e4vi\u00e4 v\u00e4rimalleja ja pakoputken p\u00e4\u00e4st\u00e4 kuuluvaa tunnusomaista papatusta. Kaikista niist\u00e4 yhdess\u00e4 muotoutuu ajattoman kaunis mestariteos nimelt\u00e4 Royal Enfield Classic 350.&nbsp;<\/p>\n\n\n\n<p><strong>Moderni klassikko<\/strong><\/p>\n\n\n\n<figure class=\"wp-block-image size-full\"><img loading=\"lazy\" decoding=\"async\" width=\"6192\" height=\"4128\" src=\"http:\/\/www.ejmoto.com\/wp-content\/uploads\/2024\/05\/SDQH0406.jpg\" alt=\"\" class=\"wp-image-1005\"\/><figcaption class=\"wp-element-caption\">Halcyon Green<\/figcaption><\/figure>\n\n\n\n<p>T\u00e4ysin uuden Classic 350:n syd\u00e4men\u00e4 sykkii uusi 348-kuutioinen J-sarjan moottori. Se on kiinnitetty uuteen kaksoisputkirunkoon, joka tukeva ja luotettava kaikenlaisilla teill\u00e4. Miellytt\u00e4v\u00e4 pysty ajoasento takaa Classic-kuskille hyv\u00e4n n\u00e4kyvyyden tien p\u00e4\u00e4ll\u00e4. Classic on mukava ajaa sen uudistetun leve\u00e4mm\u00e4n satulan helliess\u00e4 kuskia.<\/p>\n\n\n\n<p><strong>Helppo tyk\u00e4sty\u00e4 ajamisen my\u00f6t\u00e4<\/strong><\/p>\n\n\n\n<figure class=\"wp-block-image size-full\"><img loading=\"lazy\" decoding=\"async\" width=\"1600\" height=\"700\" src=\"http:\/\/www.ejmoto.com\/wp-content\/uploads\/2024\/04\/RE_Classic350_Banner4_1600x700.jpg\" alt=\"\" class=\"wp-image-683\"\/><\/figure>\n\n\n\n<p>Monipuolinen ja ajaton Classic on varustettu leve\u00e4mm\u00e4ll\u00e4 ohjaustangolla ja renkailla, jotka takaavat vaivattoman ja turvallisen ohjattavuuden monenlaisilla teill\u00e4 ja reiteill\u00e4. Moottorin tasapainotusakseli, silkinpehme\u00e4 k\u00e4ynti, kevyt kytkin, napakka vaihteisto ja hyvin toimiva polttoaineen ruiskutus tarjoavat miellytt\u00e4v\u00e4n ja hienostuneen ajokokemuksen joka rauhoittaa, lumoaa ja viihdytt\u00e4\u00e4 ajajaa.<\/p>\n\n\n\n<p><strong>Mukana ajassa<\/strong><\/p>\n\n\n\n<figure class=\"wp-block-image size-full\"><img loading=\"lazy\" decoding=\"async\" width=\"1600\" height=\"700\" src=\"http:\/\/www.ejmoto.com\/wp-content\/uploads\/2024\/04\/RE_Classic350_Banner6_1600x700.jpg\" alt=\"\" class=\"wp-image-684\"\/><figcaption class=\"wp-element-caption\">Chrome Bronze<\/figcaption><\/figure>\n\n\n\n<p>Ajaton tarkoittaa my\u00f6s \u201cajassa mukana\u201d. Classicin uudessa mittaristossa yhdistyv\u00e4t analogisen nopeusmittarin eleganssi ja LCD-n\u00e4yt\u00f6n monipuolisuus. Ohjaustankoon vasemman kahvan alle asennettu huomaamaton USB-portti mahdollistaa k\u00e4nnyk\u00e4n tai muun oheislaitteen latauksen tai virransaannin ajon aikana. Dual Channel ABS jarrut v\u00e4hent\u00e4v\u00e4t ei-toivottuja yll\u00e4tyksi\u00e4 jarrutustilanteissa.<\/p>\n\n\n\n<p><a href=\"http:\/\/www.ejmoto.com\/wp-content\/uploads\/2024\/04\/royal-enfield-classic-350-technical-specifications.pdf\">Lataa Classic 350 tekniset tiedot<\/a> (englanniksi)<\/p>\n\n\n\n<p><strong>Tutustumisen arvoinen klassikko<\/strong><\/p>\n\n\n\n<figure class=\"wp-block-image size-full\"><img loading=\"lazy\" decoding=\"async\" width=\"1920\" height=\"1080\" src=\"http:\/\/www.ejmoto.com\/wp-content\/uploads\/2024\/05\/gallery-1920x1080-4.jpg\" alt=\"\" class=\"wp-image-702\"\/><\/figure>\n\n\n\n<p>Classic 350 -malliin ei kannata tutustua pelkkien teknisten tietojen perusteella. Se on n\u00e4ht\u00e4v\u00e4 ja koettava liven\u00e4. Mainoslause pit\u00e4\u00e4 t\u00e4ss\u00e4 tapauksessa paikkansa, ja py\u00f6r\u00e4 tosiaan edustaa &#8216;wanhan liiton&#8217; ajatonta charmia. Huippunopeudet ja -tehot eiv\u00e4t nykymittapuulla juuri p\u00e4\u00e4se otsikoihin, mutta siit\u00e4 ei kannata v\u00e4litt\u00e4\u00e4. Classic 350 on oikeasti rento ja hauska ajettava, vaikka olisi tottunutkin huomattavasti r\u00e4yh\u00e4kk\u00e4\u00e4mpiin menopeleihin. <br>Itsell\u00e4nikin on ollut ja on edelleen 50-150 hevosvoiman ajokkeja jotka taatusti liikkuvat rivakammin kuin Classic 350, mutta siit\u00e4 huolimatta sill\u00e4 ajaminen on kivaa, tavallaan rentouttavaakin. Kova vauhti ja isot tehot eiv\u00e4t ole Classicin kohdalla &#8216;se&#8217; juttu. Classic 350 on eri tavalla kiva peli.<\/p>\n\n\n\n<p>Toki sill\u00e4 voi silti ajella niin pieni\u00e4 sorateit\u00e4 kuin isompia p\u00e4\u00e4teit\u00e4kin, ja moni ajaa sill\u00e4 pitempi\u00e4 reissujakin. Parhaimmillaan se on kaupungeissa ja maaseudun pikkuteill\u00e4. Pitk\u00e4iskuisen moottorin omintakeinen papatus on tavallaan viihdytt\u00e4v\u00e4\u00e4, mutta t\u00e4rin\u00f6it\u00e4 ei silti juuri ajossa tunne, ainakaan haitoksi asti. Pitk\u00e4 ja leve\u00e4 lokasuoja ei ole pelkk\u00e4 koriste-elementti, vaan se my\u00f6s suojaa varsin hyvin py\u00f6r\u00e4n keulaa kuralta ja pit\u00e4\u00e4 sen suht siistin\u00e4 my\u00f6s v\u00e4h\u00e4n huonommalla kelill\u00e4. Moottorin hyv\u00e4 alav\u00e4\u00e4nt\u00f6, pysty ja melko rento ajoasento sek\u00e4 py\u00f6r\u00e4n ajogeometria tekev\u00e4t ajosta helppoa ja huoletonta. Alusta riitt\u00e4\u00e4 hyvin py\u00f6r\u00e4n vauhtivaroihin. <br>Kirsikkana kakun p\u00e4\u00e4ll\u00e4 on pienen pitk\u00e4iskuisen koneen varsin kohtuullinen kulutus. Tankillisella p\u00e4\u00e4see halutessaan pitk\u00e4lle. Py\u00f6r\u00e4n hankintahintakin on sen ominaisuuksiin n\u00e4hden varsin kohtuullinen.<\/p>\n\n\n\n<p>Classic 350:n leppoisaan olemukseen ja klassisiin muotoihin on helppo tyk\u00e4sty\u00e4, ja moni onkin jo tyk\u00e4stynyt, my\u00f6s Suomessa. Allekirjoittanut mukaanlukien. Sill\u00e4 ajellessa my\u00f6s satunnaisista ohikulkijoista voi tulla yll\u00e4tt\u00e4v\u00e4n puheliaita, my\u00f6s Suomessa.<br>Vaikka mallikuvissa Classic 350 n\u00e4ytt\u00e4ytyy yksipaikkaisena, kaikki Suomessa myyt\u00e4v\u00e4t Classicit toimitetaan kaksipaikkaisina. Joten kaksip\u00e4\u00e4ll\u00e4 ajokin onnistuu vaikka saman tien, ja toisaalta takasatulan irroitus on helppo ja nopea toimenpide. My\u00f6s lis\u00e4varustelista on kattava.<\/p>\n\n\n\n<p id=\"indiatrip\"><strong>K\u00e4ytt\u00f6testi Etel\u00e4-Intian teill\u00e4 ja kinttupoluilla<\/strong><\/p>\n\n\n\n<p>Vaikka monen mielest\u00e4 Classic 350:a rento bulevardiputputin joka on n\u00e4tti kuin karkki ja siksi ei ole oikein kotonaan karummilla kinttupoluilla, saati ett\u00e4 sit\u00e4 kehtaisi sellaisille vied\u00e4. Todellisuudessa Classic 350:sta on silti varsin moneksi, ja selvi\u00e4\u00e4 yll\u00e4tt\u00e4v\u00e4n hyvin my\u00f6s v\u00e4h\u00e4n vaatimattomimmista reiteist\u00e4. Se on varsinainen jokapaikanh\u00f6yl\u00e4 tai vaikka metallinen ty\u00f6hevonen. Siit\u00e4kin syyst\u00e4 mallista on tehty monia eri v\u00e4riversioita. Toiset niist\u00e4 kiilt\u00e4v\u00e4t v\u00e4h\u00e4n enemm\u00e4n, toiset v\u00e4hemm\u00e4n, mutta meno ei katkea eik\u00e4 ajokki s\u00e4ik\u00e4hd\u00e4 sile\u00e4n asfaltin loputtua.<\/p>\n\n\n\n<p>Brittil\u00e4isen YouTube -kanava <em>Mr. Darcy &amp; The Old Man<\/em> is\u00e4 ja poika -tiimi on ajanut kyseisell\u00e4 ajokilla jo pitemp\u00e4\u00e4nkin, ja hiljattain he osallistuivat noin viikon mittaiselle mp-reissulle etel\u00e4isess\u00e4 Intiassa, ja kyseinen reissu ajettiin juuri Classic 350 -malleilla. <br>Matkalle mahtui niin sile\u00e4\u00e4 kuin reik\u00e4ist\u00e4 ja muhkuraista asfalttia, sorateit\u00e4, kivisi\u00e4 rinteit\u00e4 kuin kapeita kinttupolkujakin pienten kylien v\u00e4lill\u00e4. Vaatimaton ajokki selvisi kaikista niist\u00e4 jopa yll\u00e4tt\u00e4v\u00e4n hyvin, testaajien omienkin sanojen mukaan.<br><br>Ohessa linkki kyseisen joulukuussa 2024 julkaistun k\u00e4ytt\u00f6testin yhteenvetoon. Koko tuon reissun voi seurata kokonaisuudessaan kyseiselt\u00e4 <em>Mr. Darcy &amp; The Old Man<\/em> -kanavalta l\u00f6ytyvilt\u00e4 reissuvideoilta.<\/p>\n\n\n\n<figure class=\"wp-block-embed is-type-video is-provider-youtube wp-block-embed-youtube wp-embed-aspect-16-9 wp-has-aspect-ratio\"><div class=\"wp-block-embed__wrapper\">\n<iframe loading=\"lazy\" title=\"The Ultimate Royal Enfield Classic 350 Review | in INDIA\" width=\"1200\" height=\"675\" src=\"https:\/\/www.youtube.com\/embed\/Wsqsimp-ZK0?feature=oembed\" frameborder=\"0\" allow=\"accelerometer; autoplay; clipboard-write; encrypted-media; gyroscope; picture-in-picture; web-share\" referrerpolicy=\"strict-origin-when-cross-origin\" allowfullscreen><\/iframe>\n<\/div><\/figure>\n\n\n\n<p>Sovi n\u00e4ytt\u00f6aika ja <a href=\"http:\/\/www.ejmoto.com\/?page_id=338\" data-type=\"page\" data-id=\"338\">tule tutustumaan<\/a> Classiciin!<\/p>\n\n\n\n<p>Takaisin <a href=\"http:\/\/www.ejmoto.com\/?page_id=130\" data-type=\"page\" data-id=\"130\">Royal Enfield moottoripy\u00f6r\u00e4t -sivulle<\/a><\/p>\n\n\n\n<p><\/p>\n","protected":false},"excerpt":{"rendered":"<p>Ajaton klassikko T\u00e4ysin uusi Classic 350 tuo annoksen menneisyyden perinteit\u00e4 ja py\u00f6r\u00e4nrakennustaitoa uudelle J-alustalle. Sodan j\u00e4lkeen rakennetun G2-mallin inspiroima 2020-luvun Classic 350 juhlistaa ajatonta estetiikkaa, kuten pitki\u00e4, leveit\u00e4 ja kaarevia lokasuojia, pisaramallista tankkia, tunnusomaista lipallista&hellip;<\/p>\n","protected":false},"author":1,"featured_media":681,"parent":0,"menu_order":0,"comment_status":"closed","ping_status":"closed","template":"","meta":{"footnotes":""},"class_list":["post-680","page","type-page","status-publish","has-post-thumbnail","hentry","odd"],"_links":{"self":[{"href":"http:\/\/www.ejmoto.com\/index.php?rest_route=\/wp\/v2\/pages\/680","targetHints":{"allow":["GET"]}}],"collection":[{"href":"http:\/\/www.ejmoto.com\/index.php?rest_route=\/wp\/v2\/pages"}],"about":[{"href":"http:\/\/www.ejmoto.com\/index.php?rest_route=\/wp\/v2\/types\/page"}],"author":[{"embeddable":true,"href":"http:\/\/www.ejmoto.com\/index.php?rest_route=\/wp\/v2\/users\/1"}],"replies":[{"embeddable":true,"href":"http:\/\/www.ejmoto.com\/index.php?rest_route=%2Fwp%2Fv2%2Fcomments&post=680"}],"version-history":[{"count":13,"href":"http:\/\/www.ejmoto.com\/index.php?rest_route=\/wp\/v2\/pages\/680\/revisions"}],"predecessor-version":[{"id":1334,"href":"http:\/\/www.ejmoto.com\/index.php?rest_route=\/wp\/v2\/pages\/680\/revisions\/1334"}],"wp:featuredmedia":[{"embeddable":true,"href":"http:\/\/www.ejmoto.com\/index.php?rest_route=\/wp\/v2\/media\/681"}],"wp:attachment":[{"href":"http:\/\/www.ejmoto.com\/index.php?rest_route=%2Fwp%2Fv2%2Fmedia&parent=680"}],"curies":[{"name":"wp","href":"https:\/\/api.w.org\/{rel}","templated":true}]}}